{"id":14,"date":"2024-02-18T18:33:28","date_gmt":"2024-02-18T17:33:28","guid":{"rendered":"https:\/\/latrilogiedor.com\/?page_id=14"},"modified":"2025-10-20T18:00:43","modified_gmt":"2025-10-20T16:00:43","slug":"tarifs-disponibilite","status":"publish","type":"page","link":"https:\/\/latrilogiedor.com\/fr\/tarifs-disponibilite\/","title":{"rendered":"Tarifs et disponibilit\u00e9"},"content":{"rendered":"<p class=\"has-text-align-center has-medium-font-size\">Veuillez choisir l'une des trois options suivantes :<\/p>\n\n\n\n<div style=\"height:29px\" aria-hidden=\"true\" class=\"wp-block-spacer\"><\/div>\n\n\n<script src=\"https:\/\/www.bookingmood.com\/js\/resize.js\"><\/script>\n<iframe\n  src=\"https:\/\/www.bookingmood.com\/embed\/553d3cc8-275b-4d8c-9dab-e0b2ee6d50ad?\"\n  style=\"width:100%;border:none\"\n><\/iframe>\n\n\n<p class=\"has-text-align-justify has-small-font-size has-medium-font-size\" style=\"padding-right:var(--wp--preset--spacing--50);padding-left:var(--wp--preset--spacing--50)\">En juillet, ao\u00fbt, \u00e0 No\u00ebl et au Nouvel An, les deux <strong>4 \u00e9toiles<\/strong> Les G\u00eetes class\u00e9s peuvent \u00eatre r\u00e9serv\u00e9s ensemble. Ils peuvent accueillir jusqu'\u00e0 <strong>10 invit\u00e9s<\/strong>. Cette maison est id\u00e9ale pour les familles ou les groupes \u00e0 la recherche d'une retraite paisible au c\u0153ur de la Dordogne (<strong>La Trilogie D'or<\/strong>).<\/p>\n\n\n\n<p class=\"has-text-align-justify has-small-font-size has-medium-font-size\" style=\"padding-right:var(--wp--preset--spacing--50);padding-left:var(--wp--preset--spacing--50)\">Notre <strong>2 chambres<\/strong> G\u00eete, <strong>Vue Sur La Prairie<\/strong> est le refuge id\u00e9al \u00e0 la campagne pour accueillir jusqu'\u00e0 <strong>4 invit\u00e9s<\/strong>. Il offre confort, charme et espace pour se d\u00e9tendre ensemble.<\/p>\n\n\n\n<p class=\"has-text-align-justify has-small-font-size has-medium-font-size\" style=\"padding-right:var(--wp--preset--spacing--50);padding-left:var(--wp--preset--spacing--50)\">Notre <strong>3 chambres<\/strong> G\u00eete, <strong>Vue Sur Le Vallon<\/strong> offre un m\u00e9lange de luxe et de s\u00e9r\u00e9nit\u00e9. Il peut accueillir jusqu'\u00e0 <strong>6 invit\u00e9s<\/strong>. Les clients peuvent profiter d'un cadre \u00e9l\u00e9gant et d'une vue imprenable sur la vall\u00e9e.<\/p>\n\n\n\n<div style=\"height:35px\" aria-hidden=\"true\" class=\"wp-block-spacer\"><\/div>\n\n\n\n<figure class=\"wp-block-image size-full\"><img data-recalc-dims=\"1\" decoding=\"async\" width=\"3979\" height=\"1766\" data-attachment-id=\"2754\" data-permalink=\"https:\/\/latrilogiedor.com\/fr\/terrasse-de-piscine\/\" data-orig-file=\"https:\/\/i0.wp.com\/latrilogiedor.com\/wp-content\/uploads\/2025\/06\/Pool-Deck.jpg?fit=3979%2C1766&amp;ssl=1\" data-orig-size=\"3979,1766\" data-comments-opened=\"1\" data-image-meta=\"{&quot;aperture&quot;:&quot;0&quot;,&quot;credit&quot;:&quot;&quot;,&quot;camera&quot;:&quot;&quot;,&quot;caption&quot;:&quot;&quot;,&quot;created_timestamp&quot;:&quot;0&quot;,&quot;copyright&quot;:&quot;&quot;,&quot;focal_length&quot;:&quot;0&quot;,&quot;iso&quot;:&quot;0&quot;,&quot;shutter_speed&quot;:&quot;0&quot;,&quot;title&quot;:&quot;&quot;,&quot;orientation&quot;:&quot;0&quot;}\" data-image-title=\"Pool Deck\" data-image-description=\"\" data-image-caption=\"&lt;p&gt;Heated Saltwater Pool&lt;\/p&gt;\" data-large-file=\"https:\/\/i0.wp.com\/latrilogiedor.com\/wp-content\/uploads\/2025\/06\/Pool-Deck.jpg?fit=1024%2C454&amp;ssl=1\" src=\"https:\/\/i0.wp.com\/latrilogiedor.com\/wp-content\/uploads\/2025\/06\/Pool-Deck.jpg?resize=3979%2C1766&#038;ssl=1\" alt=\"Une piscine pittoresque entour\u00e9e de gazon vert et de chaises de patio avec parasols, avec pour toile de fond un charmant b\u00e2timent en pierre et un ciel bleu clair.\" class=\"wp-image-2754\"\/><\/figure>\n\n\n\n<div style=\"height:35px\" aria-hidden=\"true\" class=\"wp-block-spacer\"><\/div>","protected":false},"excerpt":{"rendered":"<p>Please choose one of the following 3 options: During July, August, Christmas, and New Year, both 4-star classified G\u00eetes can be booked together. They can accommodate up to 10 guests. This is ideal for families or groups seeking a peaceful retreat in the heart of the Dordogne (La Trilogie D&#8217;or). Our 2-bedroom G\u00eete, Vue Sur [&hellip;]<\/p>\n","protected":false},"author":156071616,"featured_media":0,"parent":0,"menu_order":0,"comment_status":"closed","ping_status":"closed","template":"","meta":{"advanced_seo_description":"Check availability and rates for our 2\u2011bedroom and 3\u2011bedroom g\u00eetes in Dordogne. Book your stay at La Trilogie D\u2019or today. Holiday home rentals. Vacation homes like Airbnb in France.","jetpack_seo_html_title":"Book Your Stay \u2013 Rates & Availability at La Trilogie D\u2019or","jetpack_seo_noindex":false,"footnotes":""},"class_list":["post-14","page","type-page","status-publish","hentry"],"jetpack_likes_enabled":true,"jetpack_sharing_enabled":true,"jetpack_shortlink":"https:\/\/wp.me\/PfxeK4-e","jetpack-related-posts":[],"_links":{"self":[{"href":"https:\/\/latrilogiedor.com\/fr\/wp-json\/wp\/v2\/pages\/14","targetHints":{"allow":["GET"]}}],"collection":[{"href":"https:\/\/latrilogiedor.com\/fr\/wp-json\/wp\/v2\/pages"}],"about":[{"href":"https:\/\/latrilogiedor.com\/fr\/wp-json\/wp\/v2\/types\/page"}],"author":[{"embeddable":true,"href":"https:\/\/latrilogiedor.com\/fr\/wp-json\/wp\/v2\/users\/156071616"}],"replies":[{"embeddable":true,"href":"https:\/\/latrilogiedor.com\/fr\/wp-json\/wp\/v2\/comments?post=14"}],"version-history":[{"count":100,"href":"https:\/\/latrilogiedor.com\/fr\/wp-json\/wp\/v2\/pages\/14\/revisions"}],"predecessor-version":[{"id":3655,"href":"https:\/\/latrilogiedor.com\/fr\/wp-json\/wp\/v2\/pages\/14\/revisions\/3655"}],"wp:attachment":[{"href":"https:\/\/latrilogiedor.com\/fr\/wp-json\/wp\/v2\/media?parent=14"}],"curies":[{"name":"wp","href":"https:\/\/api.w.org\/{rel}","templated":true}]}}